{"id":6617,"date":"2017-11-15T10:22:49","date_gmt":"2017-11-15T07:22:49","guid":{"rendered":"https:\/\/bardahl.lv\/?page_id=6617"},"modified":"2024-11-18T16:15:15","modified_gmt":"2024-11-18T13:15:15","slug":"bardahl-eco-360-%d0%bd%d0%b0%d0%b4%d0%b5%d0%b6%d0%bd%d0%b0%d1%8f-%d0%be%d1%87%d0%b8%d1%81%d1%82%d0%ba%d0%b0-%d0%b4%d0%b2%d0%b8%d0%b3%d0%b0%d1%82%d0%b5%d0%bb%d1%8f-%d0%b8-%d1%81%d0%b0%d0%b6%d0%b5%d0%b2","status":"publish","type":"page","link":"https:\/\/bardahl.lv\/ru\/bardahl-eco-360-%d0%bd%d0%b0%d0%b4%d0%b5%d0%b6%d0%bd%d0%b0%d1%8f-%d0%be%d1%87%d0%b8%d1%81%d1%82%d0%ba%d0%b0-%d0%b4%d0%b2%d0%b8%d0%b3%d0%b0%d1%82%d0%b5%d0%bb%d1%8f-%d0%b8-%d1%81%d0%b0%d0%b6%d0%b5%d0%b2\/","title":{"rendered":"Bardahl ECO 360: \u041d\u0430\u0434\u0435\u0436\u043d\u0430\u044f \u041e\u0447\u0438\u0441\u0442\u043a\u0430 \u0414\u0432\u0438\u0433\u0430\u0442\u0435\u043b\u044f \u0438 \u0421\u0430\u0436\u0435\u0432\u044b\u0445 \u0424\u0438\u043b\u044c\u0442\u0440\u043e\u0432"},"content":{"rendered":"\n<h1 class=\"wp-block-heading\"><img loading=\"lazy\" decoding=\"async\" src=\"https:\/\/bardahl.lv\/wp-content\/uploads\/2017\/11\/\u0438\u0444\u043a\u0432\u0444\u0440-\u0434\u0443\u0441\u0449-\u044c\u0444\u0441\u0440\u0448\u0442\u0443.png\" alt=\"\" width=\"1014\" height=\"246\"><\/h1>\n\n\n\n<h1 class=\"wp-block-heading\"><img loading=\"lazy\" decoding=\"async\" src=\"https:\/\/bardahl.lv\/wp-content\/uploads\/2017\/11\/logo-eco-cleaning-e1511773720322.png\" alt=\"\" width=\"130\" height=\"122\"><\/h1>\n\n\n\n<h1 class=\"wp-block-heading\">\u0412\u0430\u0448 \u0434\u0432\u0438\u0433\u0430\u0442\u0435\u043b\u044c \u0437\u0430\u0433\u0440\u044f\u0437\u043d\u044f\u0435\u0442\u0441\u044f \u043f\u0440\u0438 \u043a\u0430\u0436\u0434\u043e\u0439 \u043f\u043e\u0435\u0437\u0434\u043a\u0435. \u041f\u0440\u0438\u043c\u0438\u0442\u0435 \u043c\u0435\u0440\u044b \u0443\u0436\u0435 \u0441\u0435\u0439\u0447\u0430\u0441, \u0447\u0442\u043e\u0431\u044b \u0438\u0437\u0431\u0435\u0436\u0430\u0442\u044c \u0434\u043e\u0440\u043e\u0433\u043e\u0441\u0442\u043e\u044f\u0449\u0435\u0433\u043e \u0440\u0435\u043c\u043e\u043d\u0442\u0430 \u0432 \u0431\u0443\u0434\u0443\u0449\u0435\u043c!<\/h1>\n\n\n<div class=\"wp-block-image\">\n<figure class=\"alignright\"><img alt=\"\" loading=\"lazy\" decoding=\"async\" width=\"280\" height=\"158\" src=\"https:\/\/bardahl.lv\/wp-content\/uploads\/2017\/11\/maxresdefault-e1511773970102.jpg\" alt=\"\" class=\"wp-image-4014\"\/><\/figure><\/div>\n\n\n<p>19 \u044f\u043d\u0432\u0430\u0440\u044f 2016 \u0433\u043e\u0434\u0430 \u041a\u0430\u0431\u0438\u043d\u0435\u0442 \u043c\u0438\u043d\u0438\u0441\u0442\u0440\u043e\u0432 \u0440\u0430\u0441\u0441\u043c\u043e\u0442\u0440\u0435\u043b \u043d\u043e\u0432\u044b\u0439 \u043f\u0440\u043e\u0435\u043a\u0442 \u00ab\u041e \u0433\u043e\u0441\u0443\u0434\u0430\u0440\u0441\u0442\u0432\u0435\u043d\u043d\u043e\u0439 \u0438\u043d\u0441\u043f\u0435\u043a\u0446\u0438\u0438&nbsp;\u0442\u0435\u0445\u043d\u0438\u0447\u0435\u0441\u043a\u043e\u0433\u043e&nbsp;\u0441\u043e\u0441\u0442\u043e\u044f\u043d\u0438\u044f&nbsp;\u0442\u0440\u0430\u043d\u0441\u043f\u043e\u0440\u0442\u043d\u043e\u0433\u043e \u0441\u0440\u0435\u0434\u0441\u0442\u0432\u0430 \u0438 \u0442\u0435\u0445\u043d\u0438\u0447\u0435\u0441\u043a\u043e\u043c \u043a\u043e\u043d\u0442\u0440\u043e\u043b\u0435 \u0442\u0440\u0430\u043d\u0441\u043f\u043e\u0440\u0442\u043d\u044b\u0445 \u0441\u0440\u0435\u0434\u0441\u0442\u0432 \u043d\u0430 \u0434\u043e\u0440\u043e\u0433\u0430\u0445\u00bb, \u0433\u0434\u0435 \u00ab\u0432\u044b\u0445\u043b\u043e\u043f\u043d\u0430\u044f \u0441\u0438\u0441\u0442\u0435\u043c\u0430 \u0430\u0432\u0442\u043e\u043c\u043e\u0431\u0438\u043b\u044f \u0438 \u043c\u043e\u0434\u0435\u043b\u044c \u0444\u0438\u043b\u044c\u0442\u0440\u0430, \u0443\u0441\u0442\u0430\u043d\u043e\u0432\u043b\u0435\u043d\u043d\u043e\u0433\u043e \u043d\u0430 \u0442\u0440\u0430\u043d\u0441\u043f\u043e\u0440\u0442\u043d\u043e\u043c \u0441\u0440\u0435\u0434\u0441\u0442\u0432\u0435, \u0434\u043e\u043b\u0436\u043d\u044b \u0441\u043e\u043e\u0442\u0432\u0435\u0442\u0441\u0442\u0432\u043e\u0432\u0430\u0442\u044c \u0440\u0435\u0433\u0438\u0441\u0442\u0440\u0443 \u0442\u0440\u0430\u043d\u0441\u043f\u043e\u0440\u0442\u043d\u043e\u0433\u043e \u0441\u0440\u0435\u0434\u0441\u0442\u0432\u0430\u00bb.<\/p>\n\n\n\n<p>\u0421\u0442\u043e\u0438\u0442 \u0437\u0430\u0434\u0443\u043c\u0430\u0442\u044c\u0441\u044f, \u0447\u0442\u043e \u0434\u0435\u043b\u0430\u0442\u044c, \u0435\u0441\u043b\u0438 \u0441\u0430\u0436\u0435\u0432\u044b\u0439 \u0444\u0438\u043b\u044c\u0442\u0440 \u0437\u0430\u0431\u0438\u0442! \u0414\u043b\u044f \u0442\u043e\u0433\u043e \u0447\u0442\u043e\u0431\u044b \u043f\u0440\u043e\u0439\u0442\u0438 \u0435\u0436\u0435\u0433\u043e\u0434\u043d\u044b\u0439 \u0442\u0435\u0445\u043d\u0438\u0447\u0435\u0441\u043a\u0438\u0439 \u043e\u0441\u043c\u043e\u0442\u0440,&nbsp;\u0441\u0430\u0436\u0435\u0432\u044b\u0439 \u0444\u0438\u043b\u044c\u0442\u0440&nbsp;\u043d\u0435\u043b\u044c\u0437\u044f \u0443\u0434\u0430\u043b\u044f\u0442\u044c \/ \u0440\u0430\u0437\u0431\u0438\u0440\u0430\u0442\u044c \/ \u043e\u0442\u043a\u043b\u044e\u0447\u0430\u0442\u044c.<\/p>\n\n\n<div class=\"wp-block-image\">\n<figure class=\"alignleft\"><img alt=\"\" loading=\"lazy\" decoding=\"async\" width=\"300\" height=\"224\" src=\"https:\/\/bardahl.lv\/wp-content\/uploads\/2017\/11\/360machine-300x224.png\" alt=\"\" class=\"wp-image-4015\" srcset=\"https:\/\/bardahl.lv\/wp-content\/uploads\/2017\/11\/360machine-300x224.png 300w, https:\/\/bardahl.lv\/wp-content\/uploads\/2017\/11\/360machine-200x149.png 200w, https:\/\/bardahl.lv\/wp-content\/uploads\/2017\/11\/360machine.png 326w\" sizes=\"auto, (max-width: 300px) 100vw, 300px\" \/><\/figure><\/div>\n\n\n<p>\u0416\u0435\u043b\u0430\u044f \u0441\u043e\u0431\u043b\u044e\u0434\u0430\u0442\u044c \u044d\u0442\u0438 \u043f\u0440\u0430\u0432\u0438\u043b\u0430 \u0438 \u0431\u044b\u0442\u044c \u044d\u043a\u043e\u043b\u043e\u0433\u0438\u0447\u0435\u0441\u043a\u0438 \u0441\u043e\u0437\u043d\u0430\u0442\u0435\u043b\u044c\u043d\u044b\u043c\u0438, Bardahl \u0440\u0430\u0437\u0440\u0430\u0431\u043e\u0442\u0430\u043b\u0438 \u0447\u0438\u0441\u0442\u044f\u0449\u0443\u044e \u043c\u0430\u0448\u0438\u043d\u043a\u0443 ECO 360. \u042d\u0442\u043e \u0434\u0435\u0448\u0435\u0432\u043e\u0435 \u0438 \u044d\u0444\u0444\u0435\u043a\u0442\u0438\u0432\u043d\u043e\u0435 \u0440\u0435\u0448\u0435\u043d\u0438\u0435 \u0434\u043b\u044f \u043e\u0447\u0438\u0441\u0442\u043a\u0438 \u0441\u0438\u0441\u0442\u0435\u043c\u044b \u0432\u043f\u0440\u044b\u0441\u043a\u0430, \u0432\u043f\u0443\u0441\u043a\u043d\u043e\u0439 \u0441\u0438\u0441\u0442\u0435\u043c\u044b EGR \u0438 DPF \u0431\u0435\u0437 \u0434\u0435\u043c\u043e\u043d\u0442\u0430\u0436\u0430, \u043d\u0435 \u043d\u0430\u0440\u0443\u0448\u0430\u044f \u043f\u0440\u0430\u0432\u0438\u043b\u0430 \u0422\u0410 \u0438 \u043d\u0435 \u0432\u0440\u0435\u0434\u044f \u043e\u043a\u0440\u0443\u0436\u0430\u044e\u0449\u0435\u0439 \u0441\u0440\u0435\u0434\u0435!<\/p>\n\n\n\n<p>\u041f\u043e \u0432\u0440\u0435\u043c\u0435\u043d\u0438 \u0437\u0430\u043d\u0438\u043c\u0430\u0435\u0442 \u043e\u0442 30 \u043c\u0438\u043d\u0443\u0442 \u0434\u043e 2 \u0447\u0430\u0441\u043e\u0432, \u043f\u043e\u0437\u0432\u043e\u043b\u044f\u044f \u0432 \u0442\u0435\u0447\u0435\u043d\u0438\u0438 \u043e\u0434\u043d\u043e\u0433\u043e \u0434\u043d\u044f \u043f\u043e\u043b\u0443\u0447\u0438\u0442\u044c \u0441\u0432\u043e\u044e \u043c\u0430\u0448\u0438\u043d\u0443 \u043e\u0431\u0440\u0430\u0442\u043d\u043e.<\/p>\n\n\n\n<p>\u0422\u0435\u043c \u043d\u0435 \u043c\u0435\u043d\u0435\u0435, \u0435\u0441\u043b\u0438 \u0434\u0435\u0442\u0430\u043b\u0438 \u044d\u0442\u0438\u0445 \u0441\u0438\u0441\u0442\u0435\u043c \u0432 \u043a\u0440\u0438\u0442\u0438\u0447\u0435\u0441\u043a\u043e\u043c \u0441\u043e\u0441\u0442\u043e\u044f\u043d\u0438\u0438, \u0442\u043e \u0437\u0430\u043c\u0435\u043d\u0430 \u0431\u0443\u0434\u0435\u0442 \u043d\u0435\u0438\u0437\u0431\u0435\u0436\u043d\u043e\u0439.<\/p>\n\n\n\n<p><\/p>\n\n\n\n<p>\u0423\u0441\u043b\u0443\u0433\u0430 \u0434\u043e\u0441\u0442\u0443\u043f\u043d\u0430 \u0432 \u041b\u0438\u0435\u043f\u0430\u0435, ErKos autoserviss; tel. <strong>29798864<\/strong><\/p>\n\n\n\n<p>Mirdzas \u0136empes iela 5, Liep\u0101ja, LV-3407<\/p>\n\n\n\n<h2 class=\"wp-block-heading\">ECO 360 Dzin\u0113ja T\u012br\u012b\u0161anas iek\u0101rt\u0101 ir iek\u013cauts:<\/h2>\n\n\n\n<h3 class=\"wp-block-heading\"><img loading=\"lazy\" decoding=\"async\" width=\"477\" height=\"190\" src=\"https:\/\/bardahl.lv\/wp-content\/uploads\/2017\/11\/DPF-tirisana-1.png\" alt=\"\">&nbsp;&nbsp;<\/h3>\n\n\n\n<h2 class=\"wp-block-heading\">DPF<\/h2>\n\n\n\n<ul class=\"wp-block-list\">\n<li>2 \u0441\u0442\u0435\u043f\u0435\u043d\u0438 \u043e\u0447\u0438\u0441\u0442\u043a\u0438<\/li>\n\n\n\n<li>\u0412\u0441\u043f\u043e\u043c\u043e\u0433\u0430\u0442\u0435\u043b\u044c\u043d\u043e\u0435 \u043e\u0431\u043e\u0440\u0443\u0434\u043e\u0432\u0430\u043d\u0438\u0435 \u0438 \u0444\u0438\u0442\u0438\u043d\u0433\u0438 \u0432\u043a\u043b\u044e\u0447\u0435\u043d\u044b<\/li>\n\n\n\n<li>\u0412\u0440\u0435\u043c\u044f \u043f\u043e\u0434\u043a\u043b\u044e\u0447\u0435\u043d\u0438\u044f \u043a \u0442\u0440\u0430\u043d\u0441\u043f\u043e\u0440\u0442\u043d\u043e\u043c\u0443 \u0441\u0440\u0435\u0434\u0441\u0442\u0432\u0443: 10 \u043c\u0438\u043d.<\/li>\n\n\n\n<li>\u0412\u0440\u0435\u043c\u044f \u043d\u0430 \u0447\u0438\u0441\u0442\u043a\u0443: 60-90 \u043c\u0438\u043d.<\/li>\n<\/ul>\n\n\n\n<p>*\u0415\u0441\u043b\u0438 \u0441\u0430\u0436\u0435\u0432\u044b\u0439 \u0444\u0438\u043b\u044c\u0442\u0440 \u0437\u0430\u0431\u0438\u0442 \u043d\u0435 \u0434\u043e \u043a\u043e\u043d\u0446\u0430, \u0442\u043e\u0433\u0434\u0430 \u043c\u043e\u0436\u043d\u043e \u0437\u0430\u043f\u0443\u0441\u0442\u0438\u0442\u044c \u0441\u0435\u0440\u0432\u0438\u0441\u043d\u0443\u044e \u0440\u0435\u0433\u0435\u043d\u0438\u0440\u0430\u0446\u0438\u044e \u0444\u0438\u043b\u044c\u0442\u0440\u0430, \u0442\u0435\u043c \u0441\u0430\u043c\u044b\u043c \u0438\u0437\u0431\u0435\u0436\u0430\u0442\u044c \u043d\u0435\u043d\u0443\u0436\u043d\u044b\u0445 \u0440\u0430\u0441\u0445\u043e\u0434\u043e\u0432 \u043d\u0430 \u043f\u043e\u043b\u043d\u0443\u044e \u0447\u0438\u0441\u0442\u043a\u0443.(\u0412 \u0441\u0435\u0440\u0432\u0438\u0441\u0435 ErKos \u0441\u0442\u043e\u0438\u043c\u043e\u0441\u0442\u044c \u043e\u0442 20eiro).<\/p>\n\n\n\n<h3 class=\"wp-block-heading\"><img loading=\"lazy\" decoding=\"async\" width=\"477\" height=\"190\" src=\"https:\/\/bardahl.lv\/wp-content\/uploads\/2017\/11\/sprauslu-tirisana.png\" alt=\"\">&nbsp;<\/h3>\n\n\n\n<h2 class=\"wp-block-heading\">\u0424\u043e\u0440\u0441\u0443\u043d\u043a\u0438<\/h2>\n\n\n\n<ul class=\"wp-block-list\">\n<li>\u041e\u0447\u0438\u0441\u0442\u043a\u0430 \u0437\u0430\u043a\u0440\u044b\u0442\u043e\u0433\u043e \u0432\u043f\u0443\u0441\u043a\u0430<\/li>\n\n\n\n<li>2 \u043d\u0430\u0431\u043e\u0440\u0430 \u0432\u0441\u043f\u043e\u043c\u043e\u0433\u0430\u0442\u0435\u043b\u044c\u043d\u043e\u0435 \u043e\u0431\u043e\u0440\u0443\u0434\u043e\u0432\u0430\u043d\u0438\u044f<\/li>\n\n\n\n<li>3 \u0434\u0438\u0430\u043c\u0435\u0442\u0440\u0430 \u0434\u043b\u044f \u0442\u0440\u0443\u0431\u043e\u043a<\/li>\n\n\n\n<li>\u0412\u0440\u0435\u043c\u044f \u043f\u043e\u0434\u043a\u043b\u044e\u0447\u0435\u043d\u0438\u044f \u043a \u0442\u0440\u0430\u043d\u0441\u043f\u043e\u0440\u0442\u043d\u043e\u043c\u0443 \u0441\u0440\u0435\u0434\u0441\u0442\u0432\u0443: 30 \u043c\u0438\u043d.<\/li>\n\n\n\n<li>\u0412\u0440\u0435\u043c\u044f \u0447\u0438\u0441\u0442\u043a\u0438: 2 \u0447\u0430\u0441\u0430<\/li>\n<\/ul>\n\n\n\n<h3 class=\"wp-block-heading\"><img loading=\"lazy\" decoding=\"async\" width=\"477\" height=\"190\" src=\"https:\/\/bardahl.lv\/wp-content\/uploads\/2017\/11\/iepludes-sistema-tirisana.png\" alt=\"\">&nbsp;<\/h3>\n\n\n\n<h2 class=\"wp-block-heading\">\u0421\u0438\u0441\u0442\u0435\u043c\u0430 \u0432\u043f\u0443\u0441\u043a\u0430<\/h2>\n\n\n\n<ul class=\"wp-block-list\">\n<li>\u041e\u0447\u0438\u0441\u0442\u043a\u0430 \u0441\u0438\u0441\u0442\u0435\u043c\u044b \u043f\u043e\u0434\u0430\u0447\u0438 \u0432\u043e\u0437\u0434\u0443\u0445\u0430 \u043f\u0443\u0442\u0435\u043c \u043f\u0440\u044f\u043c\u043e\u0433\u043e \u0432\u043f\u0440\u044b\u0441\u043a\u0430.<\/li>\n\n\n\n<li>\u0421\u043e\u0435\u0434\u0438\u043d\u0435\u043d\u0438\u0435 \u201c\u0423\u201d \u0441 \u0434\u0432\u043e\u0439\u043d\u043e\u0439 \u043f\u043e\u0434\u0430\u0447\u0435\u0439<\/li>\n\n\n\n<li>3 \u0434\u0438\u0430\u043c\u0435\u0442\u0440\u0430 \u0434\u043b\u044f \u0442\u0440\u0443\u0431\u043e\u043a<\/li>\n\n\n\n<li>\u0412\u0440\u0435\u043c\u044f \u043f\u043e\u0434\u043a\u043b\u044e\u0447\u0435\u043d\u0438\u044f: 20 \u043c\u0438\u043d.<\/li>\n\n\n\n<li>\u0412\u0440\u0435\u043c\u044f \u0447\u0438\u0441\u0442\u043a\u0438: 2 \u0447\u0430\u0441\u0430<\/li>\n<\/ul>\n","protected":false},"excerpt":{"rendered":"<p>\u0412\u0430\u0448 \u0434\u0432\u0438\u0433\u0430\u0442\u0435\u043b\u044c \u0437\u0430\u0433\u0440\u044f\u0437\u043d\u044f\u0435\u0442\u0441\u044f \u043f\u0440\u0438 \u043a\u0430\u0436\u0434\u043e\u0439 \u043f\u043e\u0435\u0437\u0434\u043a\u0435. \u041f\u0440\u0438\u043c\u0438\u0442\u0435 \u043c\u0435\u0440\u044b \u0443\u0436\u0435 \u0441\u0435\u0439\u0447\u0430\u0441, \u0447\u0442\u043e\u0431\u044b \u0438\u0437\u0431\u0435\u0436\u0430\u0442\u044c \u0434\u043e\u0440\u043e\u0433\u043e\u0441\u0442\u043e\u044f\u0449\u0435\u0433\u043e \u0440\u0435\u043c\u043e\u043d\u0442\u0430 \u0432 \u0431\u0443\u0434\u0443\u0449\u0435\u043c! 19 \u044f\u043d\u0432\u0430\u0440\u044f 2016 \u0433\u043e\u0434\u0430 \u041a\u0430\u0431\u0438\u043d\u0435\u0442 \u043c\u0438\u043d\u0438\u0441\u0442\u0440\u043e\u0432 \u0440\u0430\u0441\u0441\u043c\u043e\u0442\u0440\u0435\u043b \u043d\u043e\u0432\u044b\u0439 \u043f\u0440\u043e\u0435\u043a\u0442 \u00ab\u041e \u0433\u043e\u0441\u0443\u0434\u0430\u0440\u0441\u0442\u0432\u0435\u043d\u043d\u043e\u0439 \u0438\u043d\u0441\u043f\u0435\u043a\u0446\u0438\u0438&nbsp;\u0442\u0435\u0445\u043d\u0438\u0447\u0435\u0441\u043a\u043e\u0433\u043e&nbsp;\u0441\u043e\u0441\u0442\u043e\u044f\u043d\u0438\u044f&nbsp;\u0442\u0440\u0430\u043d\u0441\u043f\u043e\u0440\u0442\u043d\u043e\u0433\u043e \u0441\u0440\u0435\u0434\u0441\u0442\u0432\u0430 \u0438 \u0442\u0435\u0445\u043d\u0438\u0447\u0435\u0441\u043a\u043e\u043c \u043a\u043e\u043d\u0442\u0440\u043e\u043b\u0435 \u0442\u0440\u0430\u043d\u0441\u043f\u043e\u0440\u0442\u043d\u044b\u0445 \u0441\u0440\u0435\u0434\u0441\u0442\u0432 \u043d\u0430 \u0434\u043e\u0440\u043e\u0433\u0430\u0445\u00bb, \u0433\u0434\u0435 \u00ab\u0432\u044b\u0445\u043b\u043e\u043f\u043d\u0430\u044f \u0441\u0438\u0441\u0442\u0435\u043c\u0430 \u0430\u0432\u0442\u043e\u043c\u043e\u0431\u0438\u043b\u044f \u0438 \u043c\u043e\u0434\u0435\u043b\u044c \u0444\u0438\u043b\u044c\u0442\u0440\u0430, \u0443\u0441\u0442\u0430\u043d\u043e\u0432\u043b\u0435\u043d\u043d\u043e\u0433\u043e \u043d\u0430 \u0442\u0440\u0430\u043d\u0441\u043f\u043e\u0440\u0442\u043d\u043e\u043c \u0441\u0440\u0435\u0434\u0441\u0442\u0432\u0435, \u0434\u043e\u043b\u0436\u043d\u044b \u0441\u043e\u043e\u0442\u0432\u0435\u0442\u0441\u0442\u0432\u043e\u0432\u0430\u0442\u044c \u0440\u0435\u0433\u0438\u0441\u0442\u0440\u0443 \u0442\u0440\u0430\u043d\u0441\u043f\u043e\u0440\u0442\u043d\u043e\u0433\u043e \u0441\u0440\u0435\u0434\u0441\u0442\u0432\u0430\u00bb. \u0421\u0442\u043e\u0438\u0442 \u0437\u0430\u0434\u0443\u043c\u0430\u0442\u044c\u0441\u044f, \u0447\u0442\u043e&#8230;<\/p>\n","protected":false},"author":1,"featured_media":6157,"parent":0,"menu_order":0,"comment_status":"closed","ping_status":"closed","template":"","meta":{"_acf_changed":false,"_seopress_robots_primary_cat":"","_seopress_titles_title":"Bardahl ECO 360: \u041d\u0430\u0434\u0435\u0436\u043d\u0430\u044f \u041e\u0447\u0438\u0441\u0442\u043a\u0430 \u0414\u0432\u0438\u0433\u0430\u0442\u0435\u043b\u044f \u0438 \u0421\u0430\u0436\u0435\u0432\u044b\u0445 \u0424\u0438\u043b\u044c\u0442\u0440\u043e\u0432","_seopress_titles_desc":"\u0417\u0430\u0449\u0438\u0442\u0438\u0442\u0435 \u0441\u0432\u043e\u0439 \u0434\u0432\u0438\u0433\u0430\u0442\u0435\u043b\u044c \u0438 \u0441\u043e\u0431\u043b\u044e\u0434\u0430\u0439\u0442\u0435 \u044d\u043a\u043e\u043b\u043e\u0433\u0438\u0447\u0435\u0441\u043a\u0438\u0435 \u043d\u043e\u0440\u043c\u044b \u0441 Bardahl ECO 360. \u042d\u0444\u0444\u0435\u043a\u0442\u0438\u0432\u043d\u0430\u044f \u043e\u0447\u0438\u0441\u0442\u043a\u0430 \u0441\u0438\u0441\u0442\u0435\u043c \u0432\u043f\u0440\u044b\u0441\u043a\u0430, EGR \u0438 DPF \u0431\u0435\u0437 \u0434\u0435\u043c\u043e\u043d\u0442\u0430\u0436\u0430 \u0437\u0430 30-120 \u043c\u0438\u043d\u0443\u0442. \u0423\u0437\u043d\u0430\u0439\u0442\u0435, \u043a\u0430\u043a \u0438\u0437\u0431\u0435\u0436\u0430\u0442\u044c \u0434\u043e\u0440\u043e\u0433\u043e\u0433\u043e \u0440\u0435\u043c\u043e\u043d\u0442\u0430 \u0438 \u043e\u0431\u0435\u0441\u043f\u0435\u0447\u0438\u0442\u044c \u0441\u043e\u043e\u0442\u0432\u0435\u0442\u0441\u0442\u0432\u0438\u0435 \u043d\u043e\u0432\u044b\u043c \u0442\u0435\u0445\u0440\u0435\u0433\u043b\u0430\u043c\u0435\u043d\u0442\u0430\u043c. \u0414\u043b\u044f \u043a\u043e\u043d\u0441\u0443\u043b\u044c\u0442\u0430\u0446\u0438\u0438 \u0438 \u0437\u0430\u043f\u0438\u0441\u0438 \u043e\u0431\u0440\u0430\u0449\u0430\u0439\u0442\u0435\u0441\u044c \u0432 GL Oils \u0438 ErKos Autoserviss.","_seopress_robots_index":"","footnotes":""},"class_list":["post-6617","page","type-page","status-publish","has-post-thumbnail","hentry"],"acf":[],"_links":{"self":[{"href":"https:\/\/bardahl.lv\/ru\/wp-json\/wp\/v2\/pages\/6617","targetHints":{"allow":["GET"]}}],"collection":[{"href":"https:\/\/bardahl.lv\/ru\/wp-json\/wp\/v2\/pages"}],"about":[{"href":"https:\/\/bardahl.lv\/ru\/wp-json\/wp\/v2\/types\/page"}],"author":[{"embeddable":true,"href":"https:\/\/bardahl.lv\/ru\/wp-json\/wp\/v2\/users\/1"}],"replies":[{"embeddable":true,"href":"https:\/\/bardahl.lv\/ru\/wp-json\/wp\/v2\/comments?post=6617"}],"version-history":[{"count":5,"href":"https:\/\/bardahl.lv\/ru\/wp-json\/wp\/v2\/pages\/6617\/revisions"}],"predecessor-version":[{"id":6625,"href":"https:\/\/bardahl.lv\/ru\/wp-json\/wp\/v2\/pages\/6617\/revisions\/6625"}],"wp:featuredmedia":[{"embeddable":true,"href":"https:\/\/bardahl.lv\/ru\/wp-json\/wp\/v2\/media\/6157"}],"wp:attachment":[{"href":"https:\/\/bardahl.lv\/ru\/wp-json\/wp\/v2\/media?parent=6617"}],"curies":[{"name":"wp","href":"https:\/\/api.w.org\/{rel}","templated":true}]}}